{"id":116,"date":"2016-11-14T15:35:23","date_gmt":"2016-11-14T14:35:23","guid":{"rendered":"http:\/\/mojakrew.org\/?page_id=116"},"modified":"2021-10-22T21:36:42","modified_gmt":"2021-10-22T19:36:42","slug":"organizator","status":"publish","type":"page","link":"https:\/\/mojakrew.org\/index.php\/organizator\/","title":{"rendered":"Organizator"},"content":{"rendered":"<p>[et_pb_section fb_built=&#8221;1&#8243; custom_padding_last_edited=&#8221;on|desktop&#8221; admin_label=&#8221;Sekcja&#8221; _builder_version=&#8221;3.22&#8243; background_color=&#8221;#e02b20&#8243; custom_padding_tablet=&#8221;50px|0|50px|0&#8243; transparent_background=&#8221;off&#8221; padding_mobile=&#8221;off&#8221; make_fullwidth=&#8221;off&#8221; use_custom_width=&#8221;off&#8221; width_unit=&#8221;on&#8221; global_colors_info=&#8221;{}&#8221;][et_pb_row padding_mobile=&#8221;off&#8221; column_padding_mobile=&#8221;on&#8221; admin_label=&#8221;Wiersz&#8221; _builder_version=&#8221;3.25&#8243; background_size=&#8221;initial&#8221; background_position=&#8221;top_left&#8221; background_repeat=&#8221;repeat&#8221; make_fullwidth=&#8221;off&#8221; use_custom_width=&#8221;off&#8221; width_unit=&#8221;on&#8221; global_colors_info=&#8221;{}&#8221; column_structure=&#8221;1_3,1_3,1_3&#8243;][et_pb_column type=&#8221;1_3&#8243; _builder_version=&#8221;3.25&#8243; custom_padding=&#8221;|||&#8221; global_colors_info=&#8221;{}&#8221; custom_padding__hover=&#8221;|||&#8221;][et_pb_image src=&#8221;http:\/\/mojakrew.org\/wp-content\/uploads\/2016\/11\/moja-krew-logo-1a.png&#8221; align=&#8221;center&#8221; align_tablet=&#8221;center&#8221; align_last_edited=&#8221;on|desktop&#8221; admin_label=&#8221;Obraz&#8221; _builder_version=&#8221;3.23&#8243; max_width=&#8221;40%&#8221; animation=&#8221;off&#8221; sticky=&#8221;off&#8221; use_border_color=&#8221;off&#8221; border_color=&#8221;#ffffff&#8221; border_style=&#8221;solid&#8221; always_center_on_mobile=&#8221;on&#8221; global_colors_info=&#8221;{}&#8221;] [\/et_pb_image][\/et_pb_column][et_pb_column type=&#8221;1_3&#8243; _builder_version=&#8221;3.25&#8243; custom_padding=&#8221;|||&#8221; global_colors_info=&#8221;{}&#8221; custom_padding__hover=&#8221;|||&#8221;][et_pb_image src=&#8221;http:\/\/mojakrew.org\/wp-content\/uploads\/2016\/11\/krewniacy-logo-1a.png&#8221; align=&#8221;center&#8221; align_tablet=&#8221;center&#8221; align_last_edited=&#8221;on|desktop&#8221; admin_label=&#8221;Obraz&#8221; _builder_version=&#8221;3.23&#8243; max_width=&#8221;40%&#8221; animation=&#8221;off&#8221; sticky=&#8221;off&#8221; use_border_color=&#8221;off&#8221; border_color=&#8221;#ffffff&#8221; border_style=&#8221;solid&#8221; always_center_on_mobile=&#8221;on&#8221; global_colors_info=&#8221;{}&#8221;] [\/et_pb_image][\/et_pb_column][et_pb_column type=&#8221;1_3&#8243; _builder_version=&#8221;3.25&#8243; custom_padding=&#8221;|||&#8221; global_colors_info=&#8221;{}&#8221; custom_padding__hover=&#8221;|||&#8221;][et_pb_image src=&#8221;http:\/\/mojakrew.org\/wp-content\/uploads\/2016\/11\/logo_efhdk_ai.png&#8221; align=&#8221;center&#8221; align_tablet=&#8221;center&#8221; align_last_edited=&#8221;on|desktop&#8221; admin_label=&#8221;Obraz&#8221; _builder_version=&#8221;3.23&#8243; max_width=&#8221;40%&#8221; animation=&#8221;off&#8221; sticky=&#8221;off&#8221; use_border_color=&#8221;off&#8221; border_color=&#8221;#ffffff&#8221; border_style=&#8221;solid&#8221; always_center_on_mobile=&#8221;on&#8221; global_colors_info=&#8221;{}&#8221;] [\/et_pb_image][\/et_pb_column][\/et_pb_row][\/et_pb_section][et_pb_section fb_built=&#8221;1&#8243; admin_label=&#8221;Sekcja&#8221; _builder_version=&#8221;3.22&#8243; global_colors_info=&#8221;{}&#8221;][et_pb_row admin_label=&#8221;Wiersz&#8221; _builder_version=&#8221;3.25&#8243; background_size=&#8221;initial&#8221; background_position=&#8221;top_left&#8221; background_repeat=&#8221;repeat&#8221; global_colors_info=&#8221;{}&#8221;][et_pb_column type=&#8221;4_4&#8243; _builder_version=&#8221;3.25&#8243; custom_padding=&#8221;|||&#8221; global_colors_info=&#8221;{}&#8221; custom_padding__hover=&#8221;|||&#8221;][et_pb_text admin_label=&#8221;Tekst&#8221; _builder_version=&#8221;3.27.4&#8243; background_size=&#8221;initial&#8221; background_position=&#8221;top_left&#8221; background_repeat=&#8221;repeat&#8221; use_border_color=&#8221;off&#8221; border_color=&#8221;#ffffff&#8221; border_style=&#8221;solid&#8221; global_colors_info=&#8221;{}&#8221;]<\/p>\n<div>Organizatorem akcji <span style=\"color: #e02b20;\">Moja Krew<\/span> jest <span style=\"color: #e02b20;\"><strong>Fundacja Krewniacy<\/strong><\/span> przy wsparciu firmy DuoLife SA.\u00a0<\/div>\n<div>Celem akcji jest u\u015bwiadamianie spo\u0142ecze\u0144stwu jak wa\u017cna jest znajomo\u015b\u0107 w\u0142asnej grupy krwi oraz zadbanie o jako\u015b\u0107 krwi. Zdowa krew to zdrowy TY.\u00a0<\/div>\n<div>kontakt: <span style=\"color: #000000;\"><a href=\"mailto:krewniacy.info@gmail.com\" target=\"_blank\" rel=\"noopener\" style=\"color: #000000;\">krewniacy.info@gmail.com<\/a><\/span><\/div>\n<p>[\/et_pb_text][\/et_pb_column][\/et_pb_row][\/et_pb_section]<\/p>\n","protected":false},"excerpt":{"rendered":"<p>Organizatorem akcji Moja Krew jest Fundacja Krewniacy przy wsparciu firmy DuoLife SA.\u00a0 Celem akcji jest u\u015bwiadamianie spo\u0142ecze\u0144stwu jak wa\u017cna jest znajomo\u015b\u0107 w\u0142asnej grupy krwi oraz zadbanie o jako\u015b\u0107 krwi. Zdowa krew to zdrowy TY.\u00a0 kontakt: krewniacy.info@gmail.com<\/p>\n","protected":false},"author":2,"featured_media":0,"parent":0,"menu_order":0,"comment_status":"closed","ping_status":"closed","template":"","meta":{"_et_pb_use_builder":"on","_et_pb_old_content":"","_et_gb_content_width":""},"_links":{"self":[{"href":"https:\/\/mojakrew.org\/index.php\/wp-json\/wp\/v2\/pages\/116"}],"collection":[{"href":"https:\/\/mojakrew.org\/index.php\/wp-json\/wp\/v2\/pages"}],"about":[{"href":"https:\/\/mojakrew.org\/index.php\/wp-json\/wp\/v2\/types\/page"}],"author":[{"embeddable":true,"href":"https:\/\/mojakrew.org\/index.php\/wp-json\/wp\/v2\/users\/2"}],"replies":[{"embeddable":true,"href":"https:\/\/mojakrew.org\/index.php\/wp-json\/wp\/v2\/comments?post=116"}],"version-history":[{"count":6,"href":"https:\/\/mojakrew.org\/index.php\/wp-json\/wp\/v2\/pages\/116\/revisions"}],"predecessor-version":[{"id":535,"href":"https:\/\/mojakrew.org\/index.php\/wp-json\/wp\/v2\/pages\/116\/revisions\/535"}],"wp:attachment":[{"href":"https:\/\/mojakrew.org\/index.php\/wp-json\/wp\/v2\/media?parent=116"}],"curies":[{"name":"wp","href":"https:\/\/api.w.org\/{rel}","templated":true}]}}