{"id":352,"date":"2016-11-29T20:10:56","date_gmt":"2016-11-29T19:10:56","guid":{"rendered":"http:\/\/mojakrew.org\/?page_id=352"},"modified":"2016-12-08T22:26:47","modified_gmt":"2016-12-08T21:26:47","slug":"czy-wiesz-ze","status":"publish","type":"page","link":"https:\/\/mojakrew.org\/index.php\/czy-wiesz-ze\/","title":{"rendered":"Czy wiesz, \u017ce&#8230;"},"content":{"rendered":"<p>[et_pb_section admin_label=&#8221;section&#8221;][et_pb_row admin_label=&#8221;row&#8221;][et_pb_column type=&#8221;4_4&#8243;][et_pb_text admin_label=&#8221;Tekst&#8221; background_layout=&#8221;light&#8221; text_orientation=&#8221;left&#8221; header_font_size=&#8221;45&#8243; use_border_color=&#8221;off&#8221; border_color=&#8221;#ffffff&#8221; border_style=&#8221;solid&#8221;]<\/p>\n<h1 style=\"text-align: center;\"><span style=\"color: #ff0000;\">Jest 8 grup krwi. Jaka grup\u0119 Ty posiadasz?<\/span><\/h1>\n<p>[\/et_pb_text][et_pb_image admin_label=&#8221;Obraz&#8221; src=&#8221;http:\/\/mojakrew.org\/wp-content\/uploads\/2016\/11\/grupy-krwi-1.jpg&#8221; show_in_lightbox=&#8221;off&#8221; url_new_window=&#8221;off&#8221; use_overlay=&#8221;off&#8221; animation=&#8221;off&#8221; sticky=&#8221;off&#8221; align=&#8221;center&#8221; force_fullwidth=&#8221;off&#8221; always_center_on_mobile=&#8221;on&#8221; use_border_color=&#8221;off&#8221; border_color=&#8221;#ffffff&#8221; border_style=&#8221;solid&#8221;] [\/et_pb_image][\/et_pb_column][\/et_pb_row][\/et_pb_section][et_pb_section admin_label=&#8221;Sekcja&#8221; fullwidth=&#8221;off&#8221; specialty=&#8221;off&#8221;][et_pb_row admin_label=&#8221;Wiersz&#8221;][et_pb_column type=&#8221;4_4&#8243;][et_pb_text admin_label=&#8221;Tekst&#8221; background_layout=&#8221;light&#8221; text_orientation=&#8221;left&#8221; use_border_color=&#8221;off&#8221; border_color=&#8221;#ffffff&#8221; border_style=&#8221;solid&#8221;]<\/p>\n<h1 style=\"text-align: center;\"><strong><span style=\"color: #ff0000;\">Procentowy udzia\u0142 grup krwi ludzkiej populacji:<\/span><\/strong><\/h1>\n<p>[\/et_pb_text][et_pb_image admin_label=&#8221;Obraz&#8221; src=&#8221;http:\/\/mojakrew.org\/wp-content\/uploads\/2016\/11\/grupy-procent.jpg&#8221; show_in_lightbox=&#8221;off&#8221; url_new_window=&#8221;off&#8221; use_overlay=&#8221;off&#8221; animation=&#8221;off&#8221; sticky=&#8221;off&#8221; align=&#8221;center&#8221; force_fullwidth=&#8221;off&#8221; always_center_on_mobile=&#8221;on&#8221; use_border_color=&#8221;off&#8221; border_color=&#8221;#ffffff&#8221; border_style=&#8221;solid&#8221;] [\/et_pb_image][\/et_pb_column][\/et_pb_row][\/et_pb_section][et_pb_section admin_label=&#8221;Sekcja&#8221; fullwidth=&#8221;off&#8221; specialty=&#8221;off&#8221;][et_pb_row admin_label=&#8221;Wiersz&#8221;][et_pb_column type=&#8221;1_2&#8243;][et_pb_image admin_label=&#8221;Obraz&#8221; src=&#8221;http:\/\/mojakrew.org\/wp-content\/uploads\/2016\/11\/ludek.jpg&#8221; show_in_lightbox=&#8221;off&#8221; url_new_window=&#8221;off&#8221; use_overlay=&#8221;off&#8221; animation=&#8221;off&#8221; sticky=&#8221;off&#8221; align=&#8221;center&#8221; force_fullwidth=&#8221;off&#8221; always_center_on_mobile=&#8221;on&#8221; use_border_color=&#8221;off&#8221; border_color=&#8221;#ffffff&#8221; border_style=&#8221;solid&#8221;] [\/et_pb_image][\/et_pb_column][et_pb_column type=&#8221;1_2&#8243;][et_pb_text admin_label=&#8221;Tekst&#8221; background_layout=&#8221;light&#8221; text_orientation=&#8221;left&#8221; use_border_color=&#8221;off&#8221; border_color=&#8221;#ffffff&#8221; border_style=&#8221;solid&#8221; header_font_size=&#8221;24px&#8221; custom_padding=&#8221;25%|||&#8221;]<\/p>\n<h1><span style=\"color: #ff0000;\"><strong>Doros\u0142y cz\u0142owiek posiada ok. 5 &#8211; 6 l KRWI.<\/strong> <\/span><\/h1>\n<p>Jednorazowo dawca, m\u0119\u017cczy\u017ani nie cz\u0119\u015bciej, ni\u017c co 8 tygodni, kobiety nie cz\u0119\u015bciej, ni\u017c co 12 tygodni oddaje 450 ml KRWI, czyli mniej ni\u017c 10% swojej KRWI.<\/p>\n<p>[\/et_pb_text][\/et_pb_column][\/et_pb_row][\/et_pb_section][et_pb_section admin_label=&#8221;Sekcja&#8221; fullwidth=&#8221;off&#8221; specialty=&#8221;off&#8221;][et_pb_row admin_label=&#8221;Wiersz&#8221;][et_pb_column type=&#8221;4_4&#8243;][et_pb_text admin_label=&#8221;Tekst&#8221; background_layout=&#8221;light&#8221; text_orientation=&#8221;left&#8221; use_border_color=&#8221;off&#8221; border_color=&#8221;#ffffff&#8221; border_style=&#8221;solid&#8221;]<\/p>\n<p style=\"text-align: center;\"><span style=\"color: #ff0000;\">Je\u017celi masz krew grupy zaznaczonej w pierwszym pionowym rz\u0119dzie tabeli to przy transfuzji mo\u017cesz otrzyma\u0107 nast\u0119puj\u0105ce grupy krwi.<\/span><\/p>\n<p>[\/et_pb_text][et_pb_image admin_label=&#8221;Obraz&#8221; src=&#8221;http:\/\/mojakrew.org\/wp-content\/uploads\/2016\/11\/komu-moge.jpg&#8221; show_in_lightbox=&#8221;off&#8221; url_new_window=&#8221;off&#8221; use_overlay=&#8221;off&#8221; animation=&#8221;off&#8221; sticky=&#8221;off&#8221; align=&#8221;center&#8221; force_fullwidth=&#8221;off&#8221; always_center_on_mobile=&#8221;on&#8221; use_border_color=&#8221;off&#8221; border_color=&#8221;#ffffff&#8221; border_style=&#8221;solid&#8221;] [\/et_pb_image][\/et_pb_column][\/et_pb_row][\/et_pb_section]<\/p>\n","protected":false},"excerpt":{"rendered":"<p>Jest 8 grup krwi. Jaka grup\u0119 Ty posiadasz? Procentowy udzia\u0142 grup krwi ludzkiej populacji: Doros\u0142y cz\u0142owiek posiada ok. 5 &#8211; 6 l KRWI. Jednorazowo dawca, m\u0119\u017cczy\u017ani nie cz\u0119\u015bciej, ni\u017c co 8 tygodni, kobiety nie cz\u0119\u015bciej, ni\u017c co 12 tygodni oddaje 450 ml KRWI, czyli mniej ni\u017c 10% swojej KRWI. Je\u017celi masz krew grupy zaznaczonej w [&hellip;]<\/p>\n","protected":false},"author":2,"featured_media":0,"parent":0,"menu_order":0,"comment_status":"closed","ping_status":"closed","template":"","meta":{"_et_pb_use_builder":"on","_et_pb_old_content":"","_et_gb_content_width":""},"_links":{"self":[{"href":"https:\/\/mojakrew.org\/index.php\/wp-json\/wp\/v2\/pages\/352"}],"collection":[{"href":"https:\/\/mojakrew.org\/index.php\/wp-json\/wp\/v2\/pages"}],"about":[{"href":"https:\/\/mojakrew.org\/index.php\/wp-json\/wp\/v2\/types\/page"}],"author":[{"embeddable":true,"href":"https:\/\/mojakrew.org\/index.php\/wp-json\/wp\/v2\/users\/2"}],"replies":[{"embeddable":true,"href":"https:\/\/mojakrew.org\/index.php\/wp-json\/wp\/v2\/comments?post=352"}],"version-history":[{"count":13,"href":"https:\/\/mojakrew.org\/index.php\/wp-json\/wp\/v2\/pages\/352\/revisions"}],"predecessor-version":[{"id":492,"href":"https:\/\/mojakrew.org\/index.php\/wp-json\/wp\/v2\/pages\/352\/revisions\/492"}],"wp:attachment":[{"href":"https:\/\/mojakrew.org\/index.php\/wp-json\/wp\/v2\/media?parent=352"}],"curies":[{"name":"wp","href":"https:\/\/api.w.org\/{rel}","templated":true}]}}