{"id":41,"date":"2016-11-09T14:08:28","date_gmt":"2016-11-09T13:08:28","guid":{"rendered":"http:\/\/mojakrew.org\/?page_id=41"},"modified":"2016-12-16T23:13:12","modified_gmt":"2016-12-16T22:13:12","slug":"home","status":"publish","type":"page","link":"https:\/\/mojakrew.org\/","title":{"rendered":"Home"},"content":{"rendered":"<p>[et_pb_section admin_label=&#8221;Sekcja&#8221; fullwidth=&#8221;on&#8221; specialty=&#8221;off&#8221; transparent_background=&#8221;off&#8221; allow_player_pause=&#8221;off&#8221; inner_shadow=&#8221;off&#8221; parallax=&#8221;off&#8221; parallax_method=&#8221;off&#8221; padding_mobile=&#8221;off&#8221; make_fullwidth=&#8221;off&#8221; use_custom_width=&#8221;off&#8221; width_unit=&#8221;on&#8221; make_equal=&#8221;off&#8221; use_custom_gutter=&#8221;off&#8221;][et_pb_fullwidth_slider admin_label=&#8221;Slider pe\u0142nej szeroko\u015bci&#8221; show_arrows=&#8221;on&#8221; show_pagination=&#8221;on&#8221; auto=&#8221;on&#8221; auto_ignore_hover=&#8221;on&#8221; parallax=&#8221;off&#8221; parallax_method=&#8221;off&#8221; remove_inner_shadow=&#8221;on&#8221; background_position=&#8221;default&#8221; background_size=&#8221;default&#8221; hide_content_on_mobile=&#8221;off&#8221; hide_cta_on_mobile=&#8221;off&#8221; show_image_video_mobile=&#8221;off&#8221; custom_button=&#8221;on&#8221; button_letter_spacing=&#8221;0&#8243; button_use_icon=&#8221;default&#8221; button_icon_placement=&#8221;left&#8221; button_on_hover=&#8221;on&#8221; button_letter_spacing_hover=&#8221;0&#8243; custom_css_main_element=&#8221;height: 100vh;&#8221; auto_speed=&#8221;5000&#8243; button_text_color=&#8221;#ffffff&#8221; button_bg_color=&#8221;#e02b20&#8243; button_icon=&#8221;%%28%%&#8221; button_icon_color=&#8221;#ffffff&#8221; custom_css_slide_controllers=&#8221;color: black;&#8221; custom_css_slide_active_controller=&#8221;color: red;&#8221;] [et_pb_slide background_image=&#8221;http:\/\/mojakrew.org\/wp-content\/uploads\/2016\/11\/15-sekund.jpg&#8221; background_position=&#8221;default&#8221; background_size=&#8221;contain&#8221; background_color=&#8221;#ffffff&#8221; use_bg_overlay=&#8221;off&#8221; use_text_overlay=&#8221;off&#8221; alignment=&#8221;center&#8221; background_layout=&#8221;light&#8221; allow_player_pause=&#8221;off&#8221; text_border_radius=&#8221;3&#8243; header_font_select=&#8221;default&#8221; header_font=&#8221;|on|||&#8221; body_font_select=&#8221;default&#8221; body_font=&#8221;||||&#8221; custom_button=&#8221;on&#8221; button_font_select=&#8221;default&#8221; button_font=&#8221;||||&#8221; button_use_icon=&#8221;default&#8221; button_icon_placement=&#8221;right&#8221; button_on_hover=&#8221;on&#8221; custom_css_main_element=&#8221;height: 100vh;&#8221; button_text_color=&#8221;#ffffff&#8221; button_bg_color=&#8221;#dd3333&#8243; button_icon=&#8221;%%40%%&#8221; button_icon_color=&#8221;#ffffff&#8221; header_font_size=&#8221;25&#8243; header_font_size_tablet=&#8221;30&#8243; header_font_size_phone=&#8221;30&#8243; custom_css_slide_container=&#8221;padding-top: 10% !important; padding-bottom: 22% !important;&#8221; admin_title=&#8221;15 sekund&#8221;] [\/et_pb_slide][et_pb_slide background_image=&#8221;http:\/\/mojakrew.org\/wp-content\/uploads\/2016\/11\/do\u0142\u0105cz-2.jpg&#8221; background_position=&#8221;default&#8221; background_size=&#8221;default&#8221; background_color=&#8221;#ffffff&#8221; use_bg_overlay=&#8221;off&#8221; use_text_overlay=&#8221;off&#8221; alignment=&#8221;center&#8221; background_layout=&#8221;dark&#8221; allow_player_pause=&#8221;off&#8221; admin_title=&#8221;Bohater&#8221; text_border_radius=&#8221;3&#8243; header_font_select=&#8221;default&#8221; header_font=&#8221;||||&#8221; body_font_select=&#8221;default&#8221; body_font=&#8221;||||&#8221; custom_button=&#8221;off&#8221; button_font_select=&#8221;default&#8221; button_font=&#8221;||||&#8221; button_use_icon=&#8221;default&#8221; button_icon_placement=&#8221;right&#8221; button_on_hover=&#8221;on&#8221; custom_css_main_element=&#8221;height: 100vh;&#8221; custom_css_slide_container=&#8221;padding-top: 10% !important; padding-bottom: 22% !important;&#8221;] [\/et_pb_slide][et_pb_slide background_image=&#8221;http:\/\/mojakrew.org\/wp-content\/uploads\/2016\/11\/moja-krew-1.jpg&#8221; background_position=&#8221;default&#8221; background_size=&#8221;default&#8221; background_color=&#8221;#ffffff&#8221; use_bg_overlay=&#8221;off&#8221; use_text_overlay=&#8221;off&#8221; alignment=&#8221;center&#8221; background_layout=&#8221;dark&#8221; allow_player_pause=&#8221;off&#8221; text_border_radius=&#8221;3&#8243; header_font_select=&#8221;default&#8221; header_font=&#8221;||||&#8221; body_font_select=&#8221;default&#8221; body_font=&#8221;||||&#8221; custom_button=&#8221;off&#8221; button_font_select=&#8221;default&#8221; button_font=&#8221;||||&#8221; button_use_icon=&#8221;default&#8221; button_icon_placement=&#8221;right&#8221; button_on_hover=&#8221;on&#8221; custom_css_main_element=&#8221;height: 100vh;&#8221; custom_css_slide_container=&#8221;padding-top: 10% !important; padding-bottom: 22% !important;&#8221;] [\/et_pb_slide] [\/et_pb_fullwidth_slider][\/et_pb_section][et_pb_section admin_label=&#8221;Sekcja&#8221; fullwidth=&#8221;off&#8221; specialty=&#8221;off&#8221; transparent_background=&#8221;off&#8221; background_color=&#8221;#e02b20&#8243; allow_player_pause=&#8221;off&#8221; inner_shadow=&#8221;off&#8221; parallax=&#8221;off&#8221; parallax_method=&#8221;off&#8221; padding_mobile=&#8221;off&#8221; make_fullwidth=&#8221;off&#8221; use_custom_width=&#8221;off&#8221; width_unit=&#8221;on&#8221; make_equal=&#8221;off&#8221; use_custom_gutter=&#8221;off&#8221;][et_pb_row admin_label=&#8221;Wiersz&#8221; make_fullwidth=&#8221;off&#8221; use_custom_width=&#8221;off&#8221; width_unit=&#8221;on&#8221; use_custom_gutter=&#8221;off&#8221; padding_mobile=&#8221;off&#8221; allow_player_pause=&#8221;off&#8221; parallax=&#8221;off&#8221; parallax_method=&#8221;off&#8221; make_equal=&#8221;off&#8221; parallax_1=&#8221;off&#8221; parallax_method_1=&#8221;off&#8221; parallax_2=&#8221;off&#8221; parallax_method_2=&#8221;off&#8221; parallax_3=&#8221;off&#8221; parallax_method_3=&#8221;off&#8221; column_padding_mobile=&#8221;on&#8221;][et_pb_column type=&#8221;1_3&#8243;][et_pb_image admin_label=&#8221;Obraz&#8221; src=&#8221;http:\/\/mojakrew.org\/wp-content\/uploads\/2016\/11\/moja-krew-logo-1a.png&#8221; show_in_lightbox=&#8221;off&#8221; url_new_window=&#8221;off&#8221; use_overlay=&#8221;off&#8221; animation=&#8221;off&#8221; sticky=&#8221;off&#8221; align=&#8221;center&#8221; force_fullwidth=&#8221;off&#8221; always_center_on_mobile=&#8221;on&#8221; use_border_color=&#8221;off&#8221; border_color=&#8221;#ffffff&#8221; border_style=&#8221;solid&#8221; max_width=&#8221;40%&#8221;] [\/et_pb_image][\/et_pb_column][et_pb_column type=&#8221;1_3&#8243;][et_pb_image admin_label=&#8221;Obraz&#8221; src=&#8221;http:\/\/mojakrew.org\/wp-content\/uploads\/2016\/11\/krewniacy-logo-1a.png&#8221; show_in_lightbox=&#8221;off&#8221; url_new_window=&#8221;off&#8221; use_overlay=&#8221;off&#8221; animation=&#8221;off&#8221; sticky=&#8221;off&#8221; align=&#8221;center&#8221; force_fullwidth=&#8221;off&#8221; always_center_on_mobile=&#8221;on&#8221; use_border_color=&#8221;off&#8221; border_color=&#8221;#ffffff&#8221; border_style=&#8221;solid&#8221; max_width=&#8221;40%&#8221;] [\/et_pb_image][\/et_pb_column][et_pb_column type=&#8221;1_3&#8243;][et_pb_image admin_label=&#8221;Obraz&#8221; src=&#8221;http:\/\/mojakrew.org\/wp-content\/uploads\/2016\/11\/logo_efhdk_ai.png&#8221; show_in_lightbox=&#8221;off&#8221; url_new_window=&#8221;off&#8221; use_overlay=&#8221;off&#8221; animation=&#8221;off&#8221; sticky=&#8221;off&#8221; align=&#8221;center&#8221; force_fullwidth=&#8221;off&#8221; always_center_on_mobile=&#8221;on&#8221; use_border_color=&#8221;off&#8221; border_color=&#8221;#ffffff&#8221; border_style=&#8221;solid&#8221; max_width=&#8221;40%&#8221;] [\/et_pb_image][\/et_pb_column][\/et_pb_row][\/et_pb_section][et_pb_section admin_label=&#8221;Sekcja&#8221; fullwidth=&#8221;off&#8221; specialty=&#8221;off&#8221; transparent_background=&#8221;off&#8221; background_color=&#8221;#e02b20&#8243; allow_player_pause=&#8221;off&#8221; inner_shadow=&#8221;off&#8221; parallax=&#8221;off&#8221; parallax_method=&#8221;off&#8221; padding_mobile=&#8221;off&#8221; make_fullwidth=&#8221;off&#8221; use_custom_width=&#8221;off&#8221; width_unit=&#8221;on&#8221; make_equal=&#8221;off&#8221; use_custom_gutter=&#8221;off&#8221;][et_pb_row admin_label=&#8221;Wiersz&#8221; make_fullwidth=&#8221;off&#8221; use_custom_width=&#8221;off&#8221; width_unit=&#8221;on&#8221; use_custom_gutter=&#8221;off&#8221; padding_mobile=&#8221;off&#8221; allow_player_pause=&#8221;off&#8221; parallax=&#8221;off&#8221; parallax_method=&#8221;off&#8221; make_equal=&#8221;off&#8221; parallax_1=&#8221;off&#8221; parallax_method_1=&#8221;off&#8221; column_padding_mobile=&#8221;on&#8221;][et_pb_column type=&#8221;4_4&#8243;][et_pb_text admin_label=&#8221;Tekst&#8221; background_layout=&#8221;dark&#8221; text_orientation=&#8221;left&#8221; header_font_size=&#8221;24&#8243; use_border_color=&#8221;off&#8221; border_color=&#8221;#ffffff&#8221; border_style=&#8221;solid&#8221; header_line_height=&#8221;1.5em&#8221; text_font_size=&#8221;16&#8243;]<\/p>\n<p style=\"text-align: justify;\">Co 15 sekund, tak cz\u0119sto w Polsce potrzebna jest krew na ratunek \u017cycia! \u017bycie w zdrowiu to g\u0142\u00f3wny cel kampanii Moja Krew. Ka\u017cdy z nas i nasi najbli\u017csi, w ka\u017cdej chwili mo\u017cemy potrzebowa\u0107 niezast\u0105pionego i \u017cyciodajnego leku pozyskiwanego wy\u0142\u0105cznie od wspania\u0142ych ludzi \u2013 Honorowych Dawc\u00f3w Krwi. Maj\u0105c zdrow\u0105 krew i b\u0119d\u0105c zdrowym cz\u0142owiekiem mamy szans\u0119 otworzy\u0107 nasze \u017ar\u00f3d\u0142o \u017cycia dla innych. Dlatego Krewniacy wsp\u00f3lnie z Partnerem\u00a0DuoLife\u00a0przez akcj\u0119 Moja Krew promuj\u0105 w Ca\u0142ej Polsce zdrowy styl \u017cycia i honorowe krwiodawstwo.<\/p>\n<p>[\/et_pb_text][\/et_pb_column][\/et_pb_row][\/et_pb_section][et_pb_section admin_label=&#8221;Sekcja&#8221; fullwidth=&#8221;off&#8221; specialty=&#8221;off&#8221;][et_pb_row admin_label=&#8221;Wiersz&#8221;][et_pb_column type=&#8221;4_4&#8243;][et_pb_text admin_label=&#8221;Tekst&#8221; background_layout=&#8221;light&#8221; text_orientation=&#8221;left&#8221; use_border_color=&#8221;off&#8221; border_color=&#8221;#ffffff&#8221; border_style=&#8221;solid&#8221;]<\/p>\n<h1 style=\"text-align: center;\"><span style=\"color: #ff0000;\">W Polsce krew potrzebna jest co 15 sekund!<\/span><\/h1>\n<p>[\/et_pb_text][\/et_pb_column][\/et_pb_row][\/et_pb_section][et_pb_section admin_label=&#8221;Sekcja&#8221; fullwidth=&#8221;off&#8221; specialty=&#8221;off&#8221; transparent_background=&#8221;off&#8221; background_color=&#8221;#e02b20&#8243; allow_player_pause=&#8221;off&#8221; inner_shadow=&#8221;off&#8221; parallax=&#8221;off&#8221; parallax_method=&#8221;off&#8221; padding_mobile=&#8221;off&#8221; make_fullwidth=&#8221;off&#8221; use_custom_width=&#8221;off&#8221; width_unit=&#8221;on&#8221; make_equal=&#8221;off&#8221; use_custom_gutter=&#8221;off&#8221;][et_pb_row admin_label=&#8221;Wiersz&#8221;][et_pb_column type=&#8221;4_4&#8243;][et_pb_text admin_label=&#8221;Tekst&#8221; background_layout=&#8221;dark&#8221; text_orientation=&#8221;left&#8221; text_font_size=&#8221;16&#8243; use_border_color=&#8221;off&#8221; border_color=&#8221;#ffffff&#8221; border_style=&#8221;solid&#8221;]<\/p>\n<p style=\"text-align: justify;\">Zach\u0119camy do udzia\u0142u w projekcie Moja Krew, og\u00f3lnopolskiej akcji promocyjno-edukacyjnej kampanii Krewniacy. Jest to najwi\u0119ksza kampania spo\u0142eczna w historii TVP, w kt\u00f3r\u0105 zaanga\u017cowanych jest ponad 100 gwiazd sportu i TV, ponad 2000 billboard\u00f3w oraz ponad 6000 patronackich zbi\u00f3rek krwi w ca\u0142ej Polsce. Celem akcji jest u\u015bwiadomienie jak istotne znaczenie dla ratowania \u017cycia i zdrowia ludzkiego ma znajomo\u015b\u0107 naszej grupy krwi oraz troska o jej prawid\u0142owy stan.<\/p>\n<p>[\/et_pb_text][\/et_pb_column][\/et_pb_row][\/et_pb_section][et_pb_section admin_label=&#8221;Sekcja&#8221; fullwidth=&#8221;off&#8221; specialty=&#8221;off&#8221;][et_pb_row admin_label=&#8221;Wiersz&#8221;][et_pb_column type=&#8221;4_4&#8243;][et_pb_text admin_label=&#8221;Tekst&#8221; background_layout=&#8221;light&#8221; text_orientation=&#8221;left&#8221; use_border_color=&#8221;off&#8221; border_color=&#8221;#ffffff&#8221; border_style=&#8221;solid&#8221;]<\/p>\n<h1 style=\"text-align: center;\"><span style=\"color: #ff0000;\">Przy\u0142\u0105czaj\u0105c si\u0119 do akcji Moja Krew:<\/span><\/h1>\n<p>[\/et_pb_text][\/et_pb_column][\/et_pb_row][\/et_pb_section][et_pb_section admin_label=&#8221;Sekcja&#8221; fullwidth=&#8221;off&#8221; specialty=&#8221;off&#8221; transparent_background=&#8221;off&#8221; background_color=&#8221;#e02b20&#8243; allow_player_pause=&#8221;off&#8221; inner_shadow=&#8221;off&#8221; parallax=&#8221;off&#8221; parallax_method=&#8221;off&#8221; padding_mobile=&#8221;off&#8221; make_fullwidth=&#8221;off&#8221; use_custom_width=&#8221;off&#8221; width_unit=&#8221;on&#8221; make_equal=&#8221;off&#8221; use_custom_gutter=&#8221;off&#8221;][et_pb_row admin_label=&#8221;Wiersz&#8221;][et_pb_column type=&#8221;4_4&#8243;][et_pb_text admin_label=&#8221;Tekst&#8221; background_layout=&#8221;dark&#8221; text_orientation=&#8221;left&#8221; text_font_size=&#8221;16&#8243; use_border_color=&#8221;off&#8221; border_color=&#8221;#ffffff&#8221; border_style=&#8221;solid&#8221;]<\/p>\n<ul>\n<li>promujesz Honorowe Krwiodawstwo &#8211; naszym celem jest aby 1 mln ludzi w ca\u0142ej Polsce odda\u0142o krew<\/li>\n<li>wspierasz rozw\u00f3j programu kart identyfikacyjnych z grupami krwi \u2013 naszym celem jest aby 100 tys. kierowc\u00f3w i m\u0142odych ludzi wchodz\u0105cych w doros\u0142e \u017cycie otrzyma\u0142o Kart\u0119 Krewniaka<\/li>\n<li>propagujesz zdrowy styl \u017cycia &#8211; od\u017cywiasz sw\u00f3j organizm oraz czynnie i \u015bwiadomie uczestniczysz i zdobywasz wiedz\u0119 na konferencjach<a href=\"http:\/\/www.zyjswiadomie.pl\"><strong> Og\u00f3lnopolskiej Kampanii Spo\u0142ecznej \u017byj\u0119 \u015awiadomie<\/strong><\/a><\/li>\n<li>wst\u0119pujesz do wielkiej rodziny Krewniak\u00f3w &#8211; wyj\u0105tkowej spo\u0142eczno\u015bci ludzi z klas\u0105 na ca\u0142ym \u015bwiecie, kt\u00f3rych \u0142\u0105czy pasja, entuzjazm oraz wsp\u00f3lny cel \u015bwiadomego dbania o swoje zdrowie i zdrowie swojej rodziny przez czynne uczestnictwo w sporcie, profilaktyce, rozwoju osobistym i w podnoszeniu swojego standardu \u017cycia na najwy\u017cszy poziom.<\/li>\n<\/ul>\n<p>[\/et_pb_text][\/et_pb_column][\/et_pb_row][\/et_pb_section][et_pb_section admin_label=&#8221;Sekcja&#8221; fullwidth=&#8221;off&#8221; specialty=&#8221;off&#8221;][et_pb_row admin_label=&#8221;Wiersz&#8221;][et_pb_column type=&#8221;4_4&#8243;][et_pb_text admin_label=&#8221;Tekst&#8221; background_layout=&#8221;light&#8221; text_orientation=&#8221;left&#8221; use_border_color=&#8221;off&#8221; border_color=&#8221;#ffffff&#8221; border_style=&#8221;solid&#8221; header_font=&#8221;|on|||&#8221; header_font_size=&#8221;42&#8243;]<\/p>\n<h1 style=\"text-align: center;\"><span style=\"color: #ff0000;\">Do\u0142\u0105cz do nas!<\/span><\/h1>\n<p>[\/et_pb_text][\/et_pb_column][\/et_pb_row][\/et_pb_section]<\/p>\n","protected":false},"excerpt":{"rendered":"<p>Co 15 sekund, tak cz\u0119sto w Polsce potrzebna jest krew na ratunek \u017cycia! \u017bycie w zdrowiu to g\u0142\u00f3wny cel kampanii Moja Krew. Ka\u017cdy z nas i nasi najbli\u017csi, w ka\u017cdej chwili mo\u017cemy potrzebowa\u0107 niezast\u0105pionego i \u017cyciodajnego leku pozyskiwanego wy\u0142\u0105cznie od wspania\u0142ych ludzi \u2013 Honorowych Dawc\u00f3w Krwi. Maj\u0105c zdrow\u0105 krew i b\u0119d\u0105c zdrowym cz\u0142owiekiem mamy szans\u0119 [&hellip;]<\/p>\n","protected":false},"author":2,"featured_media":0,"parent":0,"menu_order":0,"comment_status":"closed","ping_status":"closed","template":"","meta":{"_et_pb_use_builder":"on","_et_pb_old_content":"","_et_gb_content_width":""},"_links":{"self":[{"href":"https:\/\/mojakrew.org\/index.php\/wp-json\/wp\/v2\/pages\/41"}],"collection":[{"href":"https:\/\/mojakrew.org\/index.php\/wp-json\/wp\/v2\/pages"}],"about":[{"href":"https:\/\/mojakrew.org\/index.php\/wp-json\/wp\/v2\/types\/page"}],"author":[{"embeddable":true,"href":"https:\/\/mojakrew.org\/index.php\/wp-json\/wp\/v2\/users\/2"}],"replies":[{"embeddable":true,"href":"https:\/\/mojakrew.org\/index.php\/wp-json\/wp\/v2\/comments?post=41"}],"version-history":[{"count":117,"href":"https:\/\/mojakrew.org\/index.php\/wp-json\/wp\/v2\/pages\/41\/revisions"}],"predecessor-version":[{"id":526,"href":"https:\/\/mojakrew.org\/index.php\/wp-json\/wp\/v2\/pages\/41\/revisions\/526"}],"wp:attachment":[{"href":"https:\/\/mojakrew.org\/index.php\/wp-json\/wp\/v2\/media?parent=41"}],"curies":[{"name":"wp","href":"https:\/\/api.w.org\/{rel}","templated":true}]}}